{"id":16,"date":"2015-10-04T23:01:08","date_gmt":"2015-10-04T23:01:08","guid":{"rendered":"http:\/\/snookerecia.com.br\/jogos\/?page_id=16"},"modified":"2021-07-27T12:21:23","modified_gmt":"2021-07-27T12:21:23","slug":"mesa-de-bilhar","status":"publish","type":"page","link":"https:\/\/snookerecia.com.br\/jogos\/","title":{"rendered":"Home"},"content":{"rendered":"\t\t<div data-elementor-type=\"wp-page\" data-elementor-id=\"16\" class=\"elementor elementor-16\">\n\t\t\t\t\t\t<section class=\"elementor-section elementor-top-section elementor-element elementor-element-d1d15a3 elementor-section-stretched elementor-section-full_width elementor-section-height-default elementor-section-height-default\" data-id=\"d1d15a3\" data-element_type=\"section\" data-settings=\"{&quot;stretch_section&quot;:&quot;section-stretched&quot;,&quot;background_background&quot;:&quot;video&quot;,&quot;background_video_link&quot;:&quot;https:\\\/\\\/www.youtube.com\\\/watch?v=PHgYur9IcrY&quot;,&quot;background_play_on_mobile&quot;:&quot;yes&quot;}\">\n\t\t\t\t\t\t\t\t<div class=\"elementor-background-video-container\" aria-hidden=\"true\">\n\t\t\t\t\t\t\t\t\t\t\t\t\t<div class=\"elementor-background-video-embed\"><\/div>\n\t\t\t\t\t\t\t\t\t\t\t\t<\/div>\n\t\t\t\t\t\t\t\t<div class=\"elementor-container elementor-column-gap-no\">\n\t\t\t\t\t<div class=\"elementor-column elementor-col-33 elementor-top-column elementor-element elementor-element-995c435\" data-id=\"995c435\" data-element_type=\"column\">\n\t\t\t<div class=\"elementor-widget-wrap elementor-element-populated\">\n\t\t\t\t\t\t<div class=\"elementor-element elementor-element-3f862f3 elementor-widget elementor-widget-heading\" data-id=\"3f862f3\" data-element_type=\"widget\" data-widget_type=\"heading.default\">\n\t\t\t\t<div class=\"elementor-widget-container\">\n\t\t\t\t\t<h2 class=\"elementor-heading-title elementor-size-default\">AQUI COME\u00c7A \nUMA GRANDE \nJOGADA.<\/h2>\t\t\t\t<\/div>\n\t\t\t\t<\/div>\n\t\t\t\t\t<\/div>\n\t\t<\/div>\n\t\t\t\t<div class=\"elementor-column elementor-col-33 elementor-top-column elementor-element elementor-element-659406f\" data-id=\"659406f\" data-element_type=\"column\">\n\t\t\t<div class=\"elementor-widget-wrap\">\n\t\t\t\t\t\t\t<\/div>\n\t\t<\/div>\n\t\t\t\t<div class=\"elementor-column elementor-col-33 elementor-top-column elementor-element elementor-element-c6ab0c7\" data-id=\"c6ab0c7\" data-element_type=\"column\">\n\t\t\t<div class=\"elementor-widget-wrap elementor-element-populated\">\n\t\t\t\t\t\t<div class=\"elementor-element elementor-element-a582ecb elementor-widget elementor-widget-text-editor\" data-id=\"a582ecb\" data-element_type=\"widget\" data-widget_type=\"text-editor.default\">\n\t\t\t\t<div class=\"elementor-widget-container\">\n\t\t\t\t\t\t\t\t\t<p>Bilhar, Pebolim, Ping Pong, tabuleiro e carteados.<\/p>\t\t\t\t\t\t\t\t<\/div>\n\t\t\t\t<\/div>\n\t\t\t\t<div class=\"elementor-element elementor-element-df253fe elementor-widget elementor-widget-text-editor\" data-id=\"df253fe\" data-element_type=\"widget\" data-widget_type=\"text-editor.default\">\n\t\t\t\t<div class=\"elementor-widget-container\">\n\t\t\t\t\t\t\t\t\t<ul><li>Fabricamos diversos modelos e tamanhos<\/li><li>Consertos e manuten\u00e7\u00f5es preventivas.<\/li><li>Disponibilizamos Mesas de bilhares para loca\u00e7\u00f5es.<\/li><\/ul>\t\t\t\t\t\t\t\t<\/div>\n\t\t\t\t<\/div>\n\t\t\t\t\t<\/div>\n\t\t<\/div>\n\t\t\t\t\t<\/div>\n\t\t<\/section>\n\t\t\t\t<section class=\"elementor-section elementor-top-section elementor-element elementor-element-6a15938 elementor-section-stretched elementor-section-boxed elementor-section-height-default elementor-section-height-default\" data-id=\"6a15938\" data-element_type=\"section\" data-settings=\"{&quot;background_background&quot;:&quot;classic&quot;,&quot;stretch_section&quot;:&quot;section-stretched&quot;}\">\n\t\t\t\t\t\t<div class=\"elementor-container elementor-column-gap-no\">\n\t\t\t\t\t<div class=\"elementor-column elementor-col-25 elementor-top-column elementor-element elementor-element-f587808\" data-id=\"f587808\" data-element_type=\"column\">\n\t\t\t<div class=\"elementor-widget-wrap elementor-element-populated\">\n\t\t\t\t\t\t<div class=\"elementor-element elementor-element-c7dc4e8 elementor-position-top elementor-widget elementor-widget-image-box\" data-id=\"c7dc4e8\" data-element_type=\"widget\" data-widget_type=\"image-box.default\">\n\t\t\t\t<div class=\"elementor-widget-container\">\n\t\t\t\t\t<div class=\"elementor-image-box-wrapper\"><figure class=\"elementor-image-box-img\"><img fetchpriority=\"high\" decoding=\"async\" width=\"660\" height=\"660\" src=\"https:\/\/snookerecia.com.br\/jogos\/wp-content\/uploads\/2016\/07\/jogo-de-bolas.png\" class=\"attachment-full size-full wp-image-123\" alt=\"\" srcset=\"https:\/\/snookerecia.com.br\/jogos\/wp-content\/uploads\/2016\/07\/jogo-de-bolas.png 660w, https:\/\/snookerecia.com.br\/jogos\/wp-content\/uploads\/2016\/07\/jogo-de-bolas-150x150.png 150w, https:\/\/snookerecia.com.br\/jogos\/wp-content\/uploads\/2016\/07\/jogo-de-bolas-300x300.png 300w\" sizes=\"(max-width: 660px) 100vw, 660px\" \/><\/figure><div class=\"elementor-image-box-content\"><h3 class=\"elementor-image-box-title\">JOGO DE BOLAS<\/h3><p class=\"elementor-image-box-description\">Tri\u00e2ngulos, Bolas 50 e 54, Giz e Acess\u00f3rios diversos.<\/p><\/div><\/div>\t\t\t\t<\/div>\n\t\t\t\t<\/div>\n\t\t\t\t\t<\/div>\n\t\t<\/div>\n\t\t\t\t<div class=\"elementor-column elementor-col-25 elementor-top-column elementor-element elementor-element-611137f\" data-id=\"611137f\" data-element_type=\"column\">\n\t\t\t<div class=\"elementor-widget-wrap elementor-element-populated\">\n\t\t\t\t\t\t<div class=\"elementor-element elementor-element-a43bd26 elementor-position-top elementor-widget elementor-widget-image-box\" data-id=\"a43bd26\" data-element_type=\"widget\" data-widget_type=\"image-box.default\">\n\t\t\t\t<div class=\"elementor-widget-container\">\n\t\t\t\t\t<div class=\"elementor-image-box-wrapper\"><figure class=\"elementor-image-box-img\"><img decoding=\"async\" width=\"450\" height=\"450\" src=\"https:\/\/snookerecia.com.br\/jogos\/wp-content\/uploads\/2016\/07\/tacos-de-bilhar.png\" class=\"attachment-full size-full wp-image-126\" alt=\"\" srcset=\"https:\/\/snookerecia.com.br\/jogos\/wp-content\/uploads\/2016\/07\/tacos-de-bilhar.png 450w, https:\/\/snookerecia.com.br\/jogos\/wp-content\/uploads\/2016\/07\/tacos-de-bilhar-150x150.png 150w, https:\/\/snookerecia.com.br\/jogos\/wp-content\/uploads\/2016\/07\/tacos-de-bilhar-300x300.png 300w\" sizes=\"(max-width: 450px) 100vw, 450px\" \/><\/figure><div class=\"elementor-image-box-content\"><h3 class=\"elementor-image-box-title\">SUPORTE E TACOS<\/h3><p class=\"elementor-image-box-description\">Tacos nos padr\u00e3o, profissionais e diversos tamanhos.<\/p><\/div><\/div>\t\t\t\t<\/div>\n\t\t\t\t<\/div>\n\t\t\t\t\t<\/div>\n\t\t<\/div>\n\t\t\t\t<div class=\"elementor-column elementor-col-25 elementor-top-column elementor-element elementor-element-38862b5\" data-id=\"38862b5\" data-element_type=\"column\">\n\t\t\t<div class=\"elementor-widget-wrap elementor-element-populated\">\n\t\t\t\t\t\t<div class=\"elementor-element elementor-element-5af89fc elementor-position-top elementor-widget elementor-widget-image-box\" data-id=\"5af89fc\" data-element_type=\"widget\" data-widget_type=\"image-box.default\">\n\t\t\t\t<div class=\"elementor-widget-container\">\n\t\t\t\t\t<div class=\"elementor-image-box-wrapper\"><figure class=\"elementor-image-box-img\"><img decoding=\"async\" width=\"1075\" height=\"1050\" src=\"https:\/\/snookerecia.com.br\/jogos\/wp-content\/uploads\/2016\/07\/mesa-de-pebolim.png\" class=\"attachment-full size-full wp-image-131\" alt=\"\" srcset=\"https:\/\/snookerecia.com.br\/jogos\/wp-content\/uploads\/2016\/07\/mesa-de-pebolim.png 1075w, https:\/\/snookerecia.com.br\/jogos\/wp-content\/uploads\/2016\/07\/mesa-de-pebolim-300x293.png 300w, https:\/\/snookerecia.com.br\/jogos\/wp-content\/uploads\/2016\/07\/mesa-de-pebolim-768x750.png 768w, https:\/\/snookerecia.com.br\/jogos\/wp-content\/uploads\/2016\/07\/mesa-de-pebolim-1024x1000.png 1024w\" sizes=\"(max-width: 1075px) 100vw, 1075px\" \/><\/figure><div class=\"elementor-image-box-content\"><h3 class=\"elementor-image-box-title\">MESAS PROFISSIONAIS<\/h3><p class=\"elementor-image-box-description\">Mesas de Bilhar, Pebolim, Ping Pong, tabuleiros e Carteados.<\/p><\/div><\/div>\t\t\t\t<\/div>\n\t\t\t\t<\/div>\n\t\t\t\t\t<\/div>\n\t\t<\/div>\n\t\t\t\t<div class=\"elementor-column elementor-col-25 elementor-top-column elementor-element elementor-element-755ad05\" data-id=\"755ad05\" data-element_type=\"column\">\n\t\t\t<div class=\"elementor-widget-wrap elementor-element-populated\">\n\t\t\t\t\t\t<div class=\"elementor-element elementor-element-0360bdc elementor-position-top elementor-widget elementor-widget-image-box\" data-id=\"0360bdc\" data-element_type=\"widget\" data-widget_type=\"image-box.default\">\n\t\t\t\t<div class=\"elementor-widget-container\">\n\t\t\t\t\t<div class=\"elementor-image-box-wrapper\"><figure class=\"elementor-image-box-img\"><img loading=\"lazy\" decoding=\"async\" width=\"700\" height=\"525\" src=\"https:\/\/snookerecia.com.br\/jogos\/wp-content\/uploads\/2016\/07\/mesa-de-snooker-bilhar.png\" class=\"attachment-full size-full wp-image-127\" alt=\"\" srcset=\"https:\/\/snookerecia.com.br\/jogos\/wp-content\/uploads\/2016\/07\/mesa-de-snooker-bilhar.png 700w, https:\/\/snookerecia.com.br\/jogos\/wp-content\/uploads\/2016\/07\/mesa-de-snooker-bilhar-300x225.png 300w\" sizes=\"(max-width: 700px) 100vw, 700px\" \/><\/figure><div class=\"elementor-image-box-content\"><h3 class=\"elementor-image-box-title\">FABRICA\u00c7\u00c3O PR\u00d3PRIA<\/h3><p class=\"elementor-image-box-description\">Base de Ard\u00f3sia, madeiras e em MDF.<\/p><\/div><\/div>\t\t\t\t<\/div>\n\t\t\t\t<\/div>\n\t\t\t\t\t<\/div>\n\t\t<\/div>\n\t\t\t\t\t<\/div>\n\t\t<\/section>\n\t\t\t\t<section class=\"elementor-section elementor-top-section elementor-element elementor-element-45ba8bf elementor-section-stretched elementor-section-boxed elementor-section-height-default elementor-section-height-default\" data-id=\"45ba8bf\" data-element_type=\"section\" data-settings=\"{&quot;stretch_section&quot;:&quot;section-stretched&quot;,&quot;background_background&quot;:&quot;classic&quot;}\">\n\t\t\t\t\t\t\t<div class=\"elementor-background-overlay\"><\/div>\n\t\t\t\t\t\t\t<div class=\"elementor-container elementor-column-gap-default\">\n\t\t\t\t\t<div class=\"elementor-column elementor-col-100 elementor-top-column elementor-element elementor-element-ea7b91f\" data-id=\"ea7b91f\" data-element_type=\"column\">\n\t\t\t<div class=\"elementor-widget-wrap elementor-element-populated\">\n\t\t\t\t\t\t<div class=\"elementor-element elementor-element-aae9f40 elementor-widget elementor-widget-text-editor\" data-id=\"aae9f40\" data-element_type=\"widget\" data-widget_type=\"text-editor.default\">\n\t\t\t\t<div class=\"elementor-widget-container\">\n\t\t\t\t\t\t\t\t\t<p>Qualidade, satisfa\u00e7\u00e3o e divers\u00e3o garantida.<\/p>\t\t\t\t\t\t\t\t<\/div>\n\t\t\t\t<\/div>\n\t\t\t\t<div class=\"elementor-element elementor-element-943e410 elementor-widget elementor-widget-image\" data-id=\"943e410\" data-element_type=\"widget\" data-widget_type=\"image.default\">\n\t\t\t\t<div class=\"elementor-widget-container\">\n\t\t\t\t\t\t\t\t\t\t\t\t\t\t\t<img loading=\"lazy\" decoding=\"async\" width=\"800\" height=\"440\" src=\"https:\/\/snookerecia.com.br\/jogos\/wp-content\/uploads\/2016\/07\/snookerecia.png\" class=\"attachment-large size-large wp-image-110\" alt=\"\" srcset=\"https:\/\/snookerecia.com.br\/jogos\/wp-content\/uploads\/2016\/07\/snookerecia.png 800w, https:\/\/snookerecia.com.br\/jogos\/wp-content\/uploads\/2016\/07\/snookerecia-300x165.png 300w, https:\/\/snookerecia.com.br\/jogos\/wp-content\/uploads\/2016\/07\/snookerecia-768x422.png 768w, https:\/\/snookerecia.com.br\/jogos\/wp-content\/uploads\/2016\/07\/snookerecia-600x330.png 600w\" sizes=\"(max-width: 800px) 100vw, 800px\" \/>\t\t\t\t\t\t\t\t\t\t\t\t\t\t\t<\/div>\n\t\t\t\t<\/div>\n\t\t\t\t<div class=\"elementor-element elementor-element-19f4428 elementor-widget elementor-widget-text-editor\" data-id=\"19f4428\" data-element_type=\"widget\" data-widget_type=\"text-editor.default\">\n\t\t\t\t<div class=\"elementor-widget-container\">\n\t\t\t\t\t\t\t\t\t<p>Com muita dedica\u00e7\u00e3o e trabalho, conquistamos e fidelizamos nossos clientes entregando qualidade e bom atendimento.<br \/>Contamos com uma equipe dedicada e capacitada para realizar nossos servi\u00e7os com agilidade e seguran\u00e7a.<br \/>*Atendemos: bares, resid\u00eancias, clubes e condom\u00ednios. Consulte-nos.<\/p>\t\t\t\t\t\t\t\t<\/div>\n\t\t\t\t<\/div>\n\t\t\t\t\t<\/div>\n\t\t<\/div>\n\t\t\t\t\t<\/div>\n\t\t<\/section>\n\t\t\t\t<\/div>\n\t\t","protected":false},"excerpt":{"rendered":"<p>AQUI COME\u00c7A UMA GRANDE JOGADA. Bilhar, Pebolim, Ping Pong, tabuleiro e carteados. Fabricamos diversos modelos e tamanhos Consertos e manuten\u00e7\u00f5es preventivas. Disponibilizamos Mesas de bilhares&hellip;<\/p>\n","protected":false},"author":1,"featured_media":0,"parent":0,"menu_order":0,"comment_status":"closed","ping_status":"closed","template":"","meta":{"_joinchat":[],"footnotes":""},"class_list":["post-16","page","type-page","status-publish","hentry"],"_links":{"self":[{"href":"https:\/\/snookerecia.com.br\/jogos\/index.php?rest_route=\/wp\/v2\/pages\/16","targetHints":{"allow":["GET"]}}],"collection":[{"href":"https:\/\/snookerecia.com.br\/jogos\/index.php?rest_route=\/wp\/v2\/pages"}],"about":[{"href":"https:\/\/snookerecia.com.br\/jogos\/index.php?rest_route=\/wp\/v2\/types\/page"}],"author":[{"embeddable":true,"href":"https:\/\/snookerecia.com.br\/jogos\/index.php?rest_route=\/wp\/v2\/users\/1"}],"replies":[{"embeddable":true,"href":"https:\/\/snookerecia.com.br\/jogos\/index.php?rest_route=%2Fwp%2Fv2%2Fcomments&post=16"}],"version-history":[{"count":1,"href":"https:\/\/snookerecia.com.br\/jogos\/index.php?rest_route=\/wp\/v2\/pages\/16\/revisions"}],"predecessor-version":[{"id":351,"href":"https:\/\/snookerecia.com.br\/jogos\/index.php?rest_route=\/wp\/v2\/pages\/16\/revisions\/351"}],"wp:attachment":[{"href":"https:\/\/snookerecia.com.br\/jogos\/index.php?rest_route=%2Fwp%2Fv2%2Fmedia&parent=16"}],"curies":[{"name":"wp","href":"https:\/\/api.w.org\/{rel}","templated":true}]}}