{"id":362,"date":"2024-09-10T16:16:04","date_gmt":"2024-09-10T19:16:04","guid":{"rendered":"https:\/\/snookerecia.com.br\/jogos\/?page_id=362"},"modified":"2024-09-10T16:20:32","modified_gmt":"2024-09-10T19:20:32","slug":"privacidade","status":"publish","type":"page","link":"https:\/\/snookerecia.com.br\/jogos\/?page_id=362","title":{"rendered":"Privacidade"},"content":{"rendered":"\n<p><strong>ACESSO AO SITE: \u00a0<\/strong>A Snooker &amp; Cia coleta informa\u00e7\u00f5es de sua navega\u00e7\u00e3o com o objetivo de tra\u00e7ar um perfil do p\u00fablico que visita o site e aperfei\u00e7oar sempre nossos servi\u00e7os, produtos, conte\u00fados e garantir as melhores ofertas e promo\u00e7\u00f5es para voc\u00ea. Durante todo este processo mantemos suas informa\u00e7\u00f5es em sigilo absoluto.<\/p>\n\n\n\n<p><strong>SEGURAN\u00c7A E PRIVACIDADE-<\/strong>\u00a0 A Snooker &amp; Cia, \u00a0preza pela seguran\u00e7a e a privacidade de seus clientes. O respeito ao cliente e o sigilo de suas informa\u00e7\u00f5es \u00e9 muito importante para n\u00f3s. Desta forma todos os dados cadastrais s\u00e3o armazenados em nossos servidores com total seguran\u00e7a e nenhuma outra empresa tem acesso \u00e0s suas informa\u00e7\u00f5es. Por isso, voc\u00ea tem a garantia que sua compra \u00e9 segura.<\/p>\n\n\n\n<p><strong>CRIPTOGRAFIA \u2013<\/strong>&nbsp;Todas as informa\u00e7\u00f5es que passam pelo nosso processo de compra s\u00e3o automaticamente codificadas. &nbsp;Seus dados pessoais, a forma de pagamento e toda e qualquer outra informa\u00e7\u00e3o fornecida \u00e0 nossa empresa ser\u00e1 mantida em sigilo absoluto.<\/p>\n\n\n\n<p><strong>COMPRAS COM CART\u00c3O DE CR\u00c9DITO<\/strong>&nbsp;\u2013 Seus dados do cart\u00e3o de cr\u00e9dito n\u00e3o s\u00e3o armazenados em nossa base de dados e as informa\u00e7\u00f5es s\u00e3o criptografadas, o n\u00famero \u00e9 automaticamente destru\u00eddo preservando a sua seguran\u00e7a.<\/p>\n\n\n\n<p><strong>UTILIZA\u00c7\u00c3O DE INFORMA\u00c7\u00d5ES<\/strong>&nbsp;\u2013 Os dados s\u00e3o utilizados somente para emiss\u00e3o da nota fiscal de compra. A nossa empresa nunca revelar\u00e1 dados cadastrais de seus clientes. Sigilo absoluto.<\/p>\n\n\n\n<p><strong>NEWSLETTER \u2013 EMAIL:<\/strong>&nbsp;Os boletins informativos s\u00e3o enviados somente para pessoas que solicitaram informa\u00e7\u00f5es do produto atrav\u00e9s do e-mail ou assinaram nossa newsletter, desta forma podem cancel\u00e1-lo a qualquer momento.<\/p>\n\n\n\n<p><strong>TRANSPORTE DE MERCADORIAS:<\/strong>&nbsp;As empresas de transportes podem solicitar algumas informa\u00e7\u00f5es atrav\u00e9s da NFE (nota fiscal eletr\u00f4nica) para transportar sua mercadoria do local de origem at\u00e9 o local destino.<\/p>\n\n\n\n<p><strong>DICAS PRA SUA SEGURAN\u00c7A:<\/strong>\u00a0N\u00e3o compartilhe suas senhas a terceiros, mesmo que sejam amigos ou parentes. A Snooker &amp; Cia, nunca envia e-mails pedindo seus dados pessoais. \u00a0A Snooker &amp; Cia, n\u00e3o disponibiliza arquivos\u00a0 para download ou execu\u00e7\u00e3o de arquivos, como por exemplo extens\u00f5es: \u00a0.exe, .com, .scr, .bat, dentre outros.<\/p>\n\n\n\n<p><strong>D\u00daVIDAS E SUGEST\u00d5ES \u2013<\/strong>&nbsp;Caso tenha qualquer d\u00favida ou sugest\u00e3o sobre seguran\u00e7a e privacidade ou sobre qualquer outro aspecto do nosso processo de compra. Por gentileza, entre em contato com nossa Central de Atendimento.<\/p>\n","protected":false},"excerpt":{"rendered":"<p>ACESSO AO SITE: \u00a0A Snooker &amp; Cia coleta informa\u00e7\u00f5es de sua navega\u00e7\u00e3o com o objetivo de tra\u00e7ar um perfil do p\u00fablico que visita o site&hellip;<\/p>\n","protected":false},"author":3,"featured_media":0,"parent":0,"menu_order":0,"comment_status":"closed","ping_status":"closed","template":"","meta":{"_joinchat":[],"footnotes":""},"class_list":["post-362","page","type-page","status-publish","hentry"],"_links":{"self":[{"href":"https:\/\/snookerecia.com.br\/jogos\/index.php?rest_route=\/wp\/v2\/pages\/362","targetHints":{"allow":["GET"]}}],"collection":[{"href":"https:\/\/snookerecia.com.br\/jogos\/index.php?rest_route=\/wp\/v2\/pages"}],"about":[{"href":"https:\/\/snookerecia.com.br\/jogos\/index.php?rest_route=\/wp\/v2\/types\/page"}],"author":[{"embeddable":true,"href":"https:\/\/snookerecia.com.br\/jogos\/index.php?rest_route=\/wp\/v2\/users\/3"}],"replies":[{"embeddable":true,"href":"https:\/\/snookerecia.com.br\/jogos\/index.php?rest_route=%2Fwp%2Fv2%2Fcomments&post=362"}],"version-history":[{"count":1,"href":"https:\/\/snookerecia.com.br\/jogos\/index.php?rest_route=\/wp\/v2\/pages\/362\/revisions"}],"predecessor-version":[{"id":363,"href":"https:\/\/snookerecia.com.br\/jogos\/index.php?rest_route=\/wp\/v2\/pages\/362\/revisions\/363"}],"wp:attachment":[{"href":"https:\/\/snookerecia.com.br\/jogos\/index.php?rest_route=%2Fwp%2Fv2%2Fmedia&parent=362"}],"curies":[{"name":"wp","href":"https:\/\/api.w.org\/{rel}","templated":true}]}}